{"id":32,"date":"2025-09-20T21:03:57","date_gmt":"2025-09-20T21:03:57","guid":{"rendered":"https:\/\/wiestamina.fun\/?page_id=32"},"modified":"2025-09-20T21:03:58","modified_gmt":"2025-09-20T21:03:58","slug":"dzialalnosc","status":"publish","type":"page","link":"https:\/\/wiestamina.fun\/?page_id=32","title":{"rendered":"Dzia\u0142alno\u015b\u0107"},"content":{"rendered":"\n<figure class=\"wp-block-image size-large\"><img loading=\"lazy\" decoding=\"async\" width=\"1024\" height=\"779\" src=\"http:\/\/wiestamina.fun\/wp-content\/uploads\/2025\/09\/3-1024x779.png\" alt=\"\" class=\"wp-image-33\" srcset=\"https:\/\/wiestamina.fun\/wp-content\/uploads\/2025\/09\/3-1024x779.png 1024w, https:\/\/wiestamina.fun\/wp-content\/uploads\/2025\/09\/3-300x228.png 300w, https:\/\/wiestamina.fun\/wp-content\/uploads\/2025\/09\/3-768x584.png 768w, https:\/\/wiestamina.fun\/wp-content\/uploads\/2025\/09\/3.png 1150w\" sizes=\"auto, (max-width: 1024px) 100vw, 1024px\" \/><\/figure>\n\n\n\n<p class=\"has-text-color has-link-color wp-elements-13db9d1d8049d5e5a13d8a80566745dc\" style=\"color:#10021e\"><strong>Tworz\u0119 piosenki z potrzeby serca &#8211; <\/strong><\/p>\n\n\n\n<p class=\"has-text-color has-link-color wp-elements-e6db25bf4fada2f9976aca55b273ddba\" style=\"color:#10021e\">czuj\u0105c ich dobroczynny wp\u0142yw na siebie \u2013 jako obserwatora w\u0142asnej, nieustannej zmiany. Udost\u0119pniam je publicznie z nadziej\u0105, \u017ce tak\u017ce innym przynios\u0105 po\u017cytek i ukojenie.<br><br><strong>Opr\u00f3cz tego korzystam z mojego daru, tworz\u0105c piosenki na zam\u00f3wienie<\/strong> \u2013 <\/p>\n\n\n\n<p class=\"has-text-color has-link-color wp-elements-55651891ab52881c5da1f8d66af5d505\" style=\"color:#10021e\">z intencj\u0105 wydobycia tego, co dobre i wspieraj\u0105ce dla adresata. Mo\u017cesz zam\u00f3wi\u0107 tak\u0105 piosenk\u0119 dla siebie, bliskiej osoby lub innej wa\u017cnej istoty, traktuj\u0105c j\u0105 jako wyj\u0105tkowy prezent, kt\u00f3ry \u0142\u0105czy na wielu poziomach i staje si\u0119 g\u0142\u0119boko emocjonaln\u0105 celebracj\u0105.<br><br><strong>Tworz\u0119 w\u0142asne, oryginalne teksty &#8211; <\/strong><\/p>\n\n\n\n<p class=\"has-text-color has-link-color wp-elements-bd97e443558c01a745e86cb648324f36\" style=\"color:#10021e\">i u\u017cywam wsp\u00f3\u0142czesnych narz\u0119dzia do tworzenia muzyki i wokalu, kt\u00f3re daj\u0105 niemal nieograniczone mo\u017cliwo\u015bci brzmienia w r\u00f3\u017cnych stylach i gatunkach. Wykorzystuj\u0119 w tym celu program oparty na sztucznej inteligencji, kt\u00f3ry gwarantuje profesjonaln\u0105 jako\u015b\u0107. Efektem jest doskona\u0142e brzmienie \u2013 przyjemne dla ucha t\u0142o, wspieraj\u0105ce g\u0142\u00f3wny no\u015bnik emocji, jakim s\u0105 zawsze teksty, powstaj\u0105ce z po\u0142\u0105czenia serc na najg\u0142\u0119bszym poziomie.<\/p>\n","protected":false},"excerpt":{"rendered":"<p>Tworz\u0119 piosenki z potrzeby serca &#8211; czuj\u0105c ich dobroczynny wp\u0142yw na siebie \u2013 jako obserwatora w\u0142asnej, nieustannej zmiany. Udost\u0119pniam je publicznie z nadziej\u0105, \u017ce tak\u017ce innym przynios\u0105 po\u017cytek i ukojenie. Opr\u00f3cz tego korzystam z mojego daru, tworz\u0105c piosenki na zam\u00f3wienie \u2013 z intencj\u0105 wydobycia tego, co dobre i wspieraj\u0105ce dla adresata. Mo\u017cesz zam\u00f3wi\u0107 tak\u0105 piosenk\u0119 [&hellip;]<\/p>\n","protected":false},"author":1,"featured_media":0,"parent":0,"menu_order":0,"comment_status":"closed","ping_status":"closed","template":"","meta":{"footnotes":""},"class_list":["post-32","page","type-page","status-publish","hentry"],"yoast_head":"<!-- This site is optimized with the Yoast SEO plugin v25.9 - https:\/\/yoast.com\/wordpress\/plugins\/seo\/ -->\n<title>Dzia\u0142alno\u015b\u0107 - WieStaMina<\/title>\n<meta name=\"robots\" content=\"index, follow, max-snippet:-1, max-image-preview:large, max-video-preview:-1\" \/>\n<link rel=\"canonical\" href=\"https:\/\/wiestamina.fun\/?page_id=32\" \/>\n<meta property=\"og:locale\" content=\"pl_PL\" \/>\n<meta property=\"og:type\" content=\"article\" \/>\n<meta property=\"og:title\" content=\"Dzia\u0142alno\u015b\u0107 - WieStaMina\" \/>\n<meta property=\"og:description\" content=\"Tworz\u0119 piosenki z potrzeby serca &#8211; czuj\u0105c ich dobroczynny wp\u0142yw na siebie \u2013 jako obserwatora w\u0142asnej, nieustannej zmiany. Udost\u0119pniam je publicznie z nadziej\u0105, \u017ce tak\u017ce innym przynios\u0105 po\u017cytek i ukojenie. Opr\u00f3cz tego korzystam z mojego daru, tworz\u0105c piosenki na zam\u00f3wienie \u2013 z intencj\u0105 wydobycia tego, co dobre i wspieraj\u0105ce dla adresata. Mo\u017cesz zam\u00f3wi\u0107 tak\u0105 piosenk\u0119 [&hellip;]\" \/>\n<meta property=\"og:url\" content=\"https:\/\/wiestamina.fun\/?page_id=32\" \/>\n<meta property=\"og:site_name\" content=\"WieStaMina\" \/>\n<meta property=\"article:modified_time\" content=\"2025-09-20T21:03:58+00:00\" \/>\n<meta property=\"og:image\" content=\"https:\/\/wiestamina.fun\/wp-content\/uploads\/2025\/09\/3.png\" \/>\n\t<meta property=\"og:image:width\" content=\"1150\" \/>\n\t<meta property=\"og:image:height\" content=\"875\" \/>\n\t<meta property=\"og:image:type\" content=\"image\/png\" \/>\n<meta name=\"twitter:card\" content=\"summary_large_image\" \/>\n<meta name=\"twitter:label1\" content=\"Szacowany czas czytania\" \/>\n\t<meta name=\"twitter:data1\" content=\"2 minuty\" \/>\n<script type=\"application\/ld+json\" class=\"yoast-schema-graph\">{\"@context\":\"https:\/\/schema.org\",\"@graph\":[{\"@type\":\"WebPage\",\"@id\":\"https:\/\/wiestamina.fun\/?page_id=32\",\"url\":\"https:\/\/wiestamina.fun\/?page_id=32\",\"name\":\"Dzia\u0142alno\u015b\u0107 - WieStaMina\",\"isPartOf\":{\"@id\":\"https:\/\/wiestamina.fun\/#website\"},\"primaryImageOfPage\":{\"@id\":\"https:\/\/wiestamina.fun\/?page_id=32#primaryimage\"},\"image\":{\"@id\":\"https:\/\/wiestamina.fun\/?page_id=32#primaryimage\"},\"thumbnailUrl\":\"http:\/\/wiestamina.fun\/wp-content\/uploads\/2025\/09\/3-1024x779.png\",\"datePublished\":\"2025-09-20T21:03:57+00:00\",\"dateModified\":\"2025-09-20T21:03:58+00:00\",\"breadcrumb\":{\"@id\":\"https:\/\/wiestamina.fun\/?page_id=32#breadcrumb\"},\"inLanguage\":\"pl-PL\",\"potentialAction\":[{\"@type\":\"ReadAction\",\"target\":[\"https:\/\/wiestamina.fun\/?page_id=32\"]}]},{\"@type\":\"ImageObject\",\"inLanguage\":\"pl-PL\",\"@id\":\"https:\/\/wiestamina.fun\/?page_id=32#primaryimage\",\"url\":\"https:\/\/wiestamina.fun\/wp-content\/uploads\/2025\/09\/3.png\",\"contentUrl\":\"https:\/\/wiestamina.fun\/wp-content\/uploads\/2025\/09\/3.png\",\"width\":1150,\"height\":875},{\"@type\":\"BreadcrumbList\",\"@id\":\"https:\/\/wiestamina.fun\/?page_id=32#breadcrumb\",\"itemListElement\":[{\"@type\":\"ListItem\",\"position\":1,\"name\":\"Strona g\u0142\u00f3wna\",\"item\":\"https:\/\/wiestamina.fun\/\"},{\"@type\":\"ListItem\",\"position\":2,\"name\":\"Dzia\u0142alno\u015b\u0107\"}]},{\"@type\":\"WebSite\",\"@id\":\"https:\/\/wiestamina.fun\/#website\",\"url\":\"https:\/\/wiestamina.fun\/\",\"name\":\"WieStaMina\",\"description\":\"Oficjalna strona artysty - autorskie teksty, wspomagane muzyk\u0105 generowan\u0105 przez AI\",\"potentialAction\":[{\"@type\":\"SearchAction\",\"target\":{\"@type\":\"EntryPoint\",\"urlTemplate\":\"https:\/\/wiestamina.fun\/?s={search_term_string}\"},\"query-input\":{\"@type\":\"PropertyValueSpecification\",\"valueRequired\":true,\"valueName\":\"search_term_string\"}}],\"inLanguage\":\"pl-PL\"}]}<\/script>\n<!-- \/ Yoast SEO plugin. -->","yoast_head_json":{"title":"Dzia\u0142alno\u015b\u0107 - WieStaMina","robots":{"index":"index","follow":"follow","max-snippet":"max-snippet:-1","max-image-preview":"max-image-preview:large","max-video-preview":"max-video-preview:-1"},"canonical":"https:\/\/wiestamina.fun\/?page_id=32","og_locale":"pl_PL","og_type":"article","og_title":"Dzia\u0142alno\u015b\u0107 - WieStaMina","og_description":"Tworz\u0119 piosenki z potrzeby serca &#8211; czuj\u0105c ich dobroczynny wp\u0142yw na siebie \u2013 jako obserwatora w\u0142asnej, nieustannej zmiany. Udost\u0119pniam je publicznie z nadziej\u0105, \u017ce tak\u017ce innym przynios\u0105 po\u017cytek i ukojenie. Opr\u00f3cz tego korzystam z mojego daru, tworz\u0105c piosenki na zam\u00f3wienie \u2013 z intencj\u0105 wydobycia tego, co dobre i wspieraj\u0105ce dla adresata. Mo\u017cesz zam\u00f3wi\u0107 tak\u0105 piosenk\u0119 [&hellip;]","og_url":"https:\/\/wiestamina.fun\/?page_id=32","og_site_name":"WieStaMina","article_modified_time":"2025-09-20T21:03:58+00:00","og_image":[{"width":1150,"height":875,"url":"https:\/\/wiestamina.fun\/wp-content\/uploads\/2025\/09\/3.png","type":"image\/png"}],"twitter_card":"summary_large_image","twitter_misc":{"Szacowany czas czytania":"2 minuty"},"schema":{"@context":"https:\/\/schema.org","@graph":[{"@type":"WebPage","@id":"https:\/\/wiestamina.fun\/?page_id=32","url":"https:\/\/wiestamina.fun\/?page_id=32","name":"Dzia\u0142alno\u015b\u0107 - WieStaMina","isPartOf":{"@id":"https:\/\/wiestamina.fun\/#website"},"primaryImageOfPage":{"@id":"https:\/\/wiestamina.fun\/?page_id=32#primaryimage"},"image":{"@id":"https:\/\/wiestamina.fun\/?page_id=32#primaryimage"},"thumbnailUrl":"http:\/\/wiestamina.fun\/wp-content\/uploads\/2025\/09\/3-1024x779.png","datePublished":"2025-09-20T21:03:57+00:00","dateModified":"2025-09-20T21:03:58+00:00","breadcrumb":{"@id":"https:\/\/wiestamina.fun\/?page_id=32#breadcrumb"},"inLanguage":"pl-PL","potentialAction":[{"@type":"ReadAction","target":["https:\/\/wiestamina.fun\/?page_id=32"]}]},{"@type":"ImageObject","inLanguage":"pl-PL","@id":"https:\/\/wiestamina.fun\/?page_id=32#primaryimage","url":"https:\/\/wiestamina.fun\/wp-content\/uploads\/2025\/09\/3.png","contentUrl":"https:\/\/wiestamina.fun\/wp-content\/uploads\/2025\/09\/3.png","width":1150,"height":875},{"@type":"BreadcrumbList","@id":"https:\/\/wiestamina.fun\/?page_id=32#breadcrumb","itemListElement":[{"@type":"ListItem","position":1,"name":"Strona g\u0142\u00f3wna","item":"https:\/\/wiestamina.fun\/"},{"@type":"ListItem","position":2,"name":"Dzia\u0142alno\u015b\u0107"}]},{"@type":"WebSite","@id":"https:\/\/wiestamina.fun\/#website","url":"https:\/\/wiestamina.fun\/","name":"WieStaMina","description":"Oficjalna strona artysty - autorskie teksty, wspomagane muzyk\u0105 generowan\u0105 przez AI","potentialAction":[{"@type":"SearchAction","target":{"@type":"EntryPoint","urlTemplate":"https:\/\/wiestamina.fun\/?s={search_term_string}"},"query-input":{"@type":"PropertyValueSpecification","valueRequired":true,"valueName":"search_term_string"}}],"inLanguage":"pl-PL"}]}},"_links":{"self":[{"href":"https:\/\/wiestamina.fun\/index.php?rest_route=\/wp\/v2\/pages\/32","targetHints":{"allow":["GET"]}}],"collection":[{"href":"https:\/\/wiestamina.fun\/index.php?rest_route=\/wp\/v2\/pages"}],"about":[{"href":"https:\/\/wiestamina.fun\/index.php?rest_route=\/wp\/v2\/types\/page"}],"author":[{"embeddable":true,"href":"https:\/\/wiestamina.fun\/index.php?rest_route=\/wp\/v2\/users\/1"}],"replies":[{"embeddable":true,"href":"https:\/\/wiestamina.fun\/index.php?rest_route=%2Fwp%2Fv2%2Fcomments&post=32"}],"version-history":[{"count":1,"href":"https:\/\/wiestamina.fun\/index.php?rest_route=\/wp\/v2\/pages\/32\/revisions"}],"predecessor-version":[{"id":34,"href":"https:\/\/wiestamina.fun\/index.php?rest_route=\/wp\/v2\/pages\/32\/revisions\/34"}],"wp:attachment":[{"href":"https:\/\/wiestamina.fun\/index.php?rest_route=%2Fwp%2Fv2%2Fmedia&parent=32"}],"curies":[{"name":"wp","href":"https:\/\/api.w.org\/{rel}","templated":true}]}}